{"id":3049,"date":"2022-03-14T15:43:31","date_gmt":"2022-03-14T15:43:31","guid":{"rendered":"https:\/\/potez.com\/mentions-legales\/"},"modified":"2022-06-09T14:21:51","modified_gmt":"2022-06-09T14:21:51","slug":"aviso-legal","status":"publish","type":"page","link":"https:\/\/www.potez.com\/es\/aviso-legal\/","title":{"rendered":"Aviso legal"},"content":{"rendered":"\n<h2 class=\"wp-block-heading\">Introducci\u00f3n<\/h2>\n\n<p>Este sitio web, accesible en www.potez.com, es propiedad y est\u00e1 gestionado por POTEZ A\u00c9RONAUTIQUE &#8211; 8 ROUTE DU HOUGA &#8211; 40801 AIRE-SUR-L&#8217;ADOUR<\/p>\n\n<p>Este sitio se pone a su disposici\u00f3n con fines informativos. Le invitamos a leer atentamente las condiciones de uso de este sitio antes de utilizarlo. Al navegar por este sitio, usted acepta estas condiciones de uso, en calidad de usuario. Si no est\u00e1 de acuerdo con las condiciones de uso, le invitamos a dejar de utilizar el sitio.<\/p>\n\n<p><\/p>\n\n<h3 class=\"wp-block-heading\" id=\"1-information-editeur\">1-Propiedad intelectual y derechos de uso<\/h3>\n\n<p>El editor es el propietario del contenido de este sitio web que ha puesto en l\u00ednea.&#13;\n&#13;\nEl editor no ofrece ninguna garant\u00eda, expresa o impl\u00edcita, en cuanto a la calidad, exactitud, actualidad, orden o integridad de la informaci\u00f3n o los materiales de este sitio y no asume ninguna responsabilidad en relaci\u00f3n con el uso de la presente publicaci\u00f3n. Los elementos se presentan a t\u00edtulo informativo y no son vinculantes para el editor.<\/p>\n\n<p>El contenido de este sitio est\u00e1 protegido por los derechos de propiedad literaria y art\u00edstica, el Convenio de Berna y el C\u00f3digo franc\u00e9s de  Propiedad Intelectual, Libro 1. Salvo lo dispuesto expresamente en esta publicaci\u00f3n para un archivo, documento o extracto espec\u00edfico, el editor concede el derecho de ver, almacenar y reproducir copias de esta publicaci\u00f3n para el uso personal del usuario del sitio.&#13;\n&#13;\nQueda estrictamente prohibida cualquier reproducci\u00f3n que no sea para el uso privado del usuario del sitio, en particular con vistas a su difusi\u00f3n p\u00fablica por cualquier medio, sin la autorizaci\u00f3n previa por escrito del editor del sitio.<\/p>\n\n<p>En consecuencia, se proh\u00edbe al usuario del sitio web:&#13;\n&#13;\nReproducir total o parcialmente, con fines de venta, distribuci\u00f3n, emisi\u00f3n, transmisi\u00f3n, publicaci\u00f3n y comunicaci\u00f3n en cualquier forma, los datos u obras protegidos por los derechos de autor vinculados a la obra o a los datos reproducidos, sin la autorizaci\u00f3n espec\u00edfica previa y por escrito del titular de los derechos de autor vinculados a la obra o a los datos reproducidos;&#13;\n&#13;\nReutilizar cualquier informaci\u00f3n con fines comerciales o publicitarios;&#13;\n&#13;\nIntroducir datos en este sitio que alteren o puedan alterar el contenido o la apariencia de los datos o las obras de este sitio.<\/p>\n\n<p>En todos los casos de reproducci\u00f3n, el aviso de derechos de autor debe ser visible en cada copia de la publicaci\u00f3n, tanto si se utiliza en su totalidad o en parte. Cualquier uso no autorizado del sitio o de su contenido, o de la informaci\u00f3n divulgada en \u00e9l, comprometer\u00eda la responsabilidad del usuario y constituir\u00eda una infracci\u00f3n sancionada por los art\u00edculos L 335-2 y siguientes del C\u00f3digo franc\u00e9s de Propiedad Intelectual.&#13;\n&#13;\nLas marcas y logotipos del editor que aparecen en el sitio est\u00e1n protegidos. Cualquier reproducci\u00f3n o representaci\u00f3n total o parcial de estas marcas o logotipos, solos o integrados en otros elementos sin la autorizaci\u00f3n expresa y previa del editor est\u00e1n prohibidas y comprometer\u00edan la responsabilidad del usuario en el sentido de los art\u00edculos L 713-2 y L 713-3 del C\u00f3digo franc\u00e9s de Propiedad Intelectual.<\/p>\n\n<h3 class=\"wp-block-heading\" id=\"3-propriete-intellectuelle-et-droits-d-utilisation\">2-Dise\u00f1o e implementaci\u00f3n del sitio<\/h3>\n\n<p>El editor es el propietario exclusivo de todos los elementos que han permitido el dise\u00f1o y la creaci\u00f3n del sitio.<\/p>\n\n<h3 class=\"wp-block-heading\" id=\"4-cookies\">3-Creaci\u00f3n de hiperv\u00ednculos al sitio web <\/h3>\n\n<p>El sitio autoriza la creaci\u00f3n de un enlace de hipertexto a su contenido, bajo el acuerdo previo y expreso del editor de: &#13;\nno utilizar la t\u00e9cnica de deep linking, es decir, las p\u00e1ginas del sitio no deben estar anidadas dentro de las p\u00e1ginas de otro sitio, sino que deben ser accesibles abriendo una ventana; mencionar la fuente, que apuntar\u00e1 directamente al contenido en cuesti\u00f3n mediante un enlace de hipertexto; la informaci\u00f3n utilizada debe ser \u00fanicamente para fines personales, asociativos o profesionales; y queda excluido cualquier uso con fines comerciales o publicitarios.&#13;\n&#13;\nAviso: esta autorizaci\u00f3n no se aplica a los sitios web que difunden informaci\u00f3n de car\u00e1cter pol\u00e9mico, pornogr\u00e1fico o xen\u00f3fobo o que pueden, en mayor medida, herir la sensibilidad del p\u00fablico en general. El editor no es responsable de las pr\u00e1cticas y pol\u00edticas de privacidad de los sitios a los que podemos estar vinculados y le instamos a que los lea.<\/p>\n\n<h3 class=\"wp-block-heading\">4-Cookies <\/h3>\n\n<p>El sitio utiliza cookies. Estos archivos almacenados en su ordenador se utilizan para facilitar su acceso al servicio que ofrecemos. Las cookies del sitio no contienen ninguna informaci\u00f3n personal identificable. <\/p>\n\n<p>Est\u00e1n dise\u00f1ados para ser utilizados exclusivamente por Kardinal T SAS. Le informamos de que puede evitar que se guarden estas cookies configurando su ordenador al entrar en el sitio web https:\/\/www.cnil.fr.<\/p>\n\n<h3 class=\"wp-block-heading\">5-Informaci\u00f3n sobre potez.com<\/h3>\n\n<p>El sitio es publicado por la empresa Potez A\u00e9ronautique, SAS con un capital de 1 200 000,00 \u20ac, cuya sede social se encuentra en 8 Route du Houga &#8211; 40800 Aire sur l&#8217;Adour &#8211; Francia, inscrita en el registro mercantil y de empresas de Mont de Marsan con el n\u00famero 632 023 347, y con el n\u00famero de IVA intracomunitario FR 92632023347.<\/p>\n\n<p>Todos los derechos del sitio son propiedad del editor.<\/p>\n\n<p><strong>Informaci\u00f3n de contacto de Potez A\u00e9ronautique :<\/strong><\/p>\n\n<p>+33 (0)5 58 71 47 78<\/p>\n\n<p><a href=\"mailto:mail@potez.com\" target=\"_blank\" rel=\"noopener\">mail@potez.com<\/a><\/p>\n\n<p><strong>El director de la publicaci\u00f3n del sitio<\/strong> es Antoine Potez, en su calidad de Presidente de Potez A\u00e9ronautique.<\/p>\n\n<p>El sitio est\u00e1 alojado por OVH, SAS con un capital de 10.069.020,00 euros, RCS Lille M\u00e9tropole 424 761 419 con domicilio social en 2 rue Kellerman 59100 Roubaix &#8211; Francia &#8211; <a href=\"http:\/\/www.ovhcloud.com\" target=\"_blank\" rel=\"noopener\">www.ovhcloud.com<\/a>.<\/p>\n","protected":false},"excerpt":{"rendered":"<p>Introducci\u00f3n Este sitio web, accesible en www.potez.com, es propiedad y est\u00e1 gestionado por POTEZ A\u00c9RONAUTIQUE &#8211; 8 ROUTE DU HOUGA &#8211; 40801 AIRE-SUR-L&#8217;ADOUR Este sitio se pone a su disposici\u00f3n con fines informativos. Le invitamos a leer atentamente las condiciones de uso de este sitio antes de utilizarlo. Al navegar por este sitio, usted acepta [&hellip;]<\/p>\n","protected":false},"author":2,"featured_media":0,"parent":0,"menu_order":0,"comment_status":"closed","ping_status":"closed","template":"","meta":{"_acf_changed":false,"footnotes":""},"class_list":["post-3049","page","type-page","status-publish","hentry"],"acf":[],"yoast_head":"<!-- This site is optimized with the Yoast SEO plugin v27.4 - https:\/\/yoast.com\/product\/yoast-seo-wordpress\/ -->\n<title>Aviso legal &#187; Potez A\u00e9ronautique<\/title>\n<meta name=\"description\" content=\"Aviso legal &#187; Potez A\u00e9ronautique\" \/>\n<meta name=\"robots\" content=\"index, follow, max-snippet:-1, max-image-preview:large, max-video-preview:-1\" \/>\n<link rel=\"canonical\" href=\"https:\/\/www.potez.com\/es\/aviso-legal\/\" \/>\n<meta property=\"og:locale\" content=\"es_ES\" \/>\n<meta property=\"og:type\" content=\"article\" \/>\n<meta property=\"og:title\" content=\"Aviso legal &#187; Potez A\u00e9ronautique\" \/>\n<meta property=\"og:description\" content=\"Aviso legal &#187; Potez A\u00e9ronautique\" \/>\n<meta property=\"og:url\" content=\"https:\/\/www.potez.com\/es\/aviso-legal\/\" \/>\n<meta property=\"og:site_name\" content=\"Potez A\u00e9ronautique\" \/>\n<meta property=\"article:modified_time\" content=\"2022-06-09T14:21:51+00:00\" \/>\n<meta name=\"twitter:card\" content=\"summary_large_image\" \/>\n<meta name=\"twitter:label1\" content=\"Tiempo de lectura\" \/>\n\t<meta name=\"twitter:data1\" content=\"5 minutos\" \/>\n<script type=\"application\/ld+json\" class=\"yoast-schema-graph\">{\"@context\":\"https:\\\/\\\/schema.org\",\"@graph\":[{\"@type\":\"WebPage\",\"@id\":\"https:\\\/\\\/www.potez.com\\\/es\\\/aviso-legal\\\/\",\"url\":\"https:\\\/\\\/www.potez.com\\\/es\\\/aviso-legal\\\/\",\"name\":\"Aviso legal &#187; Potez A\u00e9ronautique\",\"isPartOf\":{\"@id\":\"https:\\\/\\\/www.potez.com\\\/es\\\/#website\"},\"datePublished\":\"2022-03-14T15:43:31+00:00\",\"dateModified\":\"2022-06-09T14:21:51+00:00\",\"description\":\"Aviso legal &#187; Potez A\u00e9ronautique\",\"breadcrumb\":{\"@id\":\"https:\\\/\\\/www.potez.com\\\/es\\\/aviso-legal\\\/#breadcrumb\"},\"inLanguage\":\"es\",\"potentialAction\":[{\"@type\":\"ReadAction\",\"target\":[\"https:\\\/\\\/www.potez.com\\\/es\\\/aviso-legal\\\/\"]}]},{\"@type\":\"BreadcrumbList\",\"@id\":\"https:\\\/\\\/www.potez.com\\\/es\\\/aviso-legal\\\/#breadcrumb\",\"itemListElement\":[{\"@type\":\"ListItem\",\"position\":1,\"name\":\"HOME\",\"item\":\"https:\\\/\\\/www.potez.com\\\/es\\\/\"},{\"@type\":\"ListItem\",\"position\":2,\"name\":\"Aviso legal\"}]},{\"@type\":\"WebSite\",\"@id\":\"https:\\\/\\\/www.potez.com\\\/es\\\/#website\",\"url\":\"https:\\\/\\\/www.potez.com\\\/es\\\/\",\"name\":\"Potez A\u00e9ronautique\",\"description\":\"L&#039;innovation en h\u00e9ritage\",\"potentialAction\":[{\"@type\":\"SearchAction\",\"target\":{\"@type\":\"EntryPoint\",\"urlTemplate\":\"https:\\\/\\\/www.potez.com\\\/es\\\/?s={search_term_string}\"},\"query-input\":{\"@type\":\"PropertyValueSpecification\",\"valueRequired\":true,\"valueName\":\"search_term_string\"}}],\"inLanguage\":\"es\"}]}<\/script>\n<!-- \/ Yoast SEO plugin. -->","yoast_head_json":{"title":"Aviso legal &#187; Potez A\u00e9ronautique","description":"Aviso legal &#187; Potez A\u00e9ronautique","robots":{"index":"index","follow":"follow","max-snippet":"max-snippet:-1","max-image-preview":"max-image-preview:large","max-video-preview":"max-video-preview:-1"},"canonical":"https:\/\/www.potez.com\/es\/aviso-legal\/","og_locale":"es_ES","og_type":"article","og_title":"Aviso legal &#187; Potez A\u00e9ronautique","og_description":"Aviso legal &#187; Potez A\u00e9ronautique","og_url":"https:\/\/www.potez.com\/es\/aviso-legal\/","og_site_name":"Potez A\u00e9ronautique","article_modified_time":"2022-06-09T14:21:51+00:00","twitter_card":"summary_large_image","twitter_misc":{"Tiempo de lectura":"5 minutos"},"schema":{"@context":"https:\/\/schema.org","@graph":[{"@type":"WebPage","@id":"https:\/\/www.potez.com\/es\/aviso-legal\/","url":"https:\/\/www.potez.com\/es\/aviso-legal\/","name":"Aviso legal &#187; Potez A\u00e9ronautique","isPartOf":{"@id":"https:\/\/www.potez.com\/es\/#website"},"datePublished":"2022-03-14T15:43:31+00:00","dateModified":"2022-06-09T14:21:51+00:00","description":"Aviso legal &#187; Potez A\u00e9ronautique","breadcrumb":{"@id":"https:\/\/www.potez.com\/es\/aviso-legal\/#breadcrumb"},"inLanguage":"es","potentialAction":[{"@type":"ReadAction","target":["https:\/\/www.potez.com\/es\/aviso-legal\/"]}]},{"@type":"BreadcrumbList","@id":"https:\/\/www.potez.com\/es\/aviso-legal\/#breadcrumb","itemListElement":[{"@type":"ListItem","position":1,"name":"HOME","item":"https:\/\/www.potez.com\/es\/"},{"@type":"ListItem","position":2,"name":"Aviso legal"}]},{"@type":"WebSite","@id":"https:\/\/www.potez.com\/es\/#website","url":"https:\/\/www.potez.com\/es\/","name":"Potez A\u00e9ronautique","description":"L&#039;innovation en h\u00e9ritage","potentialAction":[{"@type":"SearchAction","target":{"@type":"EntryPoint","urlTemplate":"https:\/\/www.potez.com\/es\/?s={search_term_string}"},"query-input":{"@type":"PropertyValueSpecification","valueRequired":true,"valueName":"search_term_string"}}],"inLanguage":"es"}]}},"_links":{"self":[{"href":"https:\/\/www.potez.com\/es\/wp-json\/wp\/v2\/pages\/3049","targetHints":{"allow":["GET"]}}],"collection":[{"href":"https:\/\/www.potez.com\/es\/wp-json\/wp\/v2\/pages"}],"about":[{"href":"https:\/\/www.potez.com\/es\/wp-json\/wp\/v2\/types\/page"}],"author":[{"embeddable":true,"href":"https:\/\/www.potez.com\/es\/wp-json\/wp\/v2\/users\/2"}],"replies":[{"embeddable":true,"href":"https:\/\/www.potez.com\/es\/wp-json\/wp\/v2\/comments?post=3049"}],"version-history":[{"count":0,"href":"https:\/\/www.potez.com\/es\/wp-json\/wp\/v2\/pages\/3049\/revisions"}],"wp:attachment":[{"href":"https:\/\/www.potez.com\/es\/wp-json\/wp\/v2\/media?parent=3049"}],"curies":[{"name":"wp","href":"https:\/\/api.w.org\/{rel}","templated":true}]}}