{"id":2365,"date":"2022-01-13T12:34:39","date_gmt":"2022-01-13T12:34:39","guid":{"rendered":"https:\/\/potez.com\/declaration-de-confidentialite-ue\/"},"modified":"2022-02-28T16:37:33","modified_gmt":"2022-02-28T16:37:33","slug":"declaracion-de-confidencialidad","status":"publish","type":"page","link":"https:\/\/www.potez.com\/es\/declaracion-de-confidencialidad\/","title":{"rendered":"DECLARACI\u00d3N DE CONFIDENCIALIDAD (UE)"},"content":{"rendered":"\n<!-- Legal document generated by Complianz | GDPR\/CCPA Cookie Consent https:\/\/wordpress.org\/plugins\/complianz-gdpr -->\n<div id=\"cmplz-document\" class=\"cmplz-document privacy-statement cmplz-document-eu\"><h2>1. Prop\u00f3sito, datos y periodo de retenci\u00f3n<\/h2>Podemos recopilar o recibir informaci\u00f3n personal para un n\u00famero de prop\u00f3sitos relacionados con nuestras operaciones comerciales, que pueden incluir lo siguiente: (haga clic para expandir) <details class=\"cmplz-dropdown dropdown-privacy-statement\"><summary><div><h3>1.1 Contacto &#8211; Por tel\u00e9fono, correo, correo electr\u00f3nico y\/o formularios en el sitio<\/h3><\/div><\/summary><p class=\"cmplz-subtitle\">Para ello utilizamos los siguientes datos:<\/p><p><ul><li>Un nombre y apellido<\/li><li>Una direcci\u00f3n de casa u otra direcci\u00f3n f\u00edsica, incluyendo el nombre de la calle y el nombre de una ciudad o pueblo<\/li><li>Una direcci\u00f3n de correo electr\u00f3nico<\/li><li>Un n\u00famero de tel\u00e9fono<\/li><\/ul><\/p><p class=\"cmplz-subtitle\">La base sobre la que podemos procesar estos datos es:<\/p><p><a target=\"_blank\" rel=\"noopener noreferrer nofollow\" href=\"https:\/\/cookiedatabase.org\/legal-bases\/#consent\">Tras la prestaci\u00f3n del consentimiento. <\/a><\/p><p class=\"cmplz-subtitle\">Per\u00edodo de retenci\u00f3n<\/p><p>Conservamos estos datos tras la finalizaci\u00f3n del servicio durante el siguiente n\u00famero de meses: 60<\/p><\/details><\/div>","protected":false},"excerpt":{"rendered":"","protected":false},"author":1,"featured_media":0,"parent":0,"menu_order":0,"comment_status":"closed","ping_status":"closed","template":"","meta":{"_acf_changed":false,"footnotes":""},"class_list":["post-2365","page","type-page","status-publish","hentry"],"acf":[],"yoast_head":"<!-- This site is optimized with the Yoast SEO plugin v27.4 - https:\/\/yoast.com\/product\/yoast-seo-wordpress\/ -->\n<title>DECLARACI\u00d3N DE CONFIDENCIALIDAD (UE) &#187; Potez A\u00e9ronautique<\/title>\n<meta name=\"description\" content=\"DECLARACI\u00d3N DE CONFIDENCIALIDAD (UE) &#187; Potez A\u00e9ronautique\" \/>\n<meta name=\"robots\" content=\"index, follow, max-snippet:-1, max-image-preview:large, max-video-preview:-1\" \/>\n<link rel=\"canonical\" href=\"https:\/\/www.potez.com\/es\/declaracion-de-confidencialidad\/\" \/>\n<meta property=\"og:locale\" content=\"es_ES\" \/>\n<meta property=\"og:type\" content=\"article\" \/>\n<meta property=\"og:title\" content=\"DECLARACI\u00d3N DE CONFIDENCIALIDAD (UE) &#187; Potez A\u00e9ronautique\" \/>\n<meta property=\"og:description\" content=\"DECLARACI\u00d3N DE CONFIDENCIALIDAD (UE) &#187; Potez A\u00e9ronautique\" \/>\n<meta property=\"og:url\" content=\"https:\/\/www.potez.com\/es\/declaracion-de-confidencialidad\/\" \/>\n<meta property=\"og:site_name\" content=\"Potez A\u00e9ronautique\" \/>\n<meta property=\"article:modified_time\" content=\"2022-02-28T16:37:33+00:00\" \/>\n<meta name=\"twitter:card\" content=\"summary_large_image\" \/>\n<script type=\"application\/ld+json\" class=\"yoast-schema-graph\">{\"@context\":\"https:\\\/\\\/schema.org\",\"@graph\":[{\"@type\":\"WebPage\",\"@id\":\"https:\\\/\\\/www.potez.com\\\/es\\\/declaracion-de-confidencialidad\\\/\",\"url\":\"https:\\\/\\\/www.potez.com\\\/es\\\/declaracion-de-confidencialidad\\\/\",\"name\":\"DECLARACI\u00d3N DE CONFIDENCIALIDAD (UE) &#187; Potez A\u00e9ronautique\",\"isPartOf\":{\"@id\":\"https:\\\/\\\/www.potez.com\\\/es\\\/#website\"},\"datePublished\":\"2022-01-13T12:34:39+00:00\",\"dateModified\":\"2022-02-28T16:37:33+00:00\",\"description\":\"DECLARACI\u00d3N DE CONFIDENCIALIDAD (UE) &#187; Potez A\u00e9ronautique\",\"breadcrumb\":{\"@id\":\"https:\\\/\\\/www.potez.com\\\/es\\\/declaracion-de-confidencialidad\\\/#breadcrumb\"},\"inLanguage\":\"es\",\"potentialAction\":[{\"@type\":\"ReadAction\",\"target\":[\"https:\\\/\\\/www.potez.com\\\/es\\\/declaracion-de-confidencialidad\\\/\"]}]},{\"@type\":\"BreadcrumbList\",\"@id\":\"https:\\\/\\\/www.potez.com\\\/es\\\/declaracion-de-confidencialidad\\\/#breadcrumb\",\"itemListElement\":[{\"@type\":\"ListItem\",\"position\":1,\"name\":\"HOME\",\"item\":\"https:\\\/\\\/www.potez.com\\\/es\\\/\"},{\"@type\":\"ListItem\",\"position\":2,\"name\":\"DECLARACI\u00d3N DE CONFIDENCIALIDAD (UE)\"}]},{\"@type\":\"WebSite\",\"@id\":\"https:\\\/\\\/www.potez.com\\\/es\\\/#website\",\"url\":\"https:\\\/\\\/www.potez.com\\\/es\\\/\",\"name\":\"Potez A\u00e9ronautique\",\"description\":\"L&#039;innovation en h\u00e9ritage\",\"potentialAction\":[{\"@type\":\"SearchAction\",\"target\":{\"@type\":\"EntryPoint\",\"urlTemplate\":\"https:\\\/\\\/www.potez.com\\\/es\\\/?s={search_term_string}\"},\"query-input\":{\"@type\":\"PropertyValueSpecification\",\"valueRequired\":true,\"valueName\":\"search_term_string\"}}],\"inLanguage\":\"es\"}]}<\/script>\n<!-- \/ Yoast SEO plugin. -->","yoast_head_json":{"title":"DECLARACI\u00d3N DE CONFIDENCIALIDAD (UE) &#187; Potez A\u00e9ronautique","description":"DECLARACI\u00d3N DE CONFIDENCIALIDAD (UE) &#187; Potez A\u00e9ronautique","robots":{"index":"index","follow":"follow","max-snippet":"max-snippet:-1","max-image-preview":"max-image-preview:large","max-video-preview":"max-video-preview:-1"},"canonical":"https:\/\/www.potez.com\/es\/declaracion-de-confidencialidad\/","og_locale":"es_ES","og_type":"article","og_title":"DECLARACI\u00d3N DE CONFIDENCIALIDAD (UE) &#187; Potez A\u00e9ronautique","og_description":"DECLARACI\u00d3N DE CONFIDENCIALIDAD (UE) &#187; Potez A\u00e9ronautique","og_url":"https:\/\/www.potez.com\/es\/declaracion-de-confidencialidad\/","og_site_name":"Potez A\u00e9ronautique","article_modified_time":"2022-02-28T16:37:33+00:00","twitter_card":"summary_large_image","schema":{"@context":"https:\/\/schema.org","@graph":[{"@type":"WebPage","@id":"https:\/\/www.potez.com\/es\/declaracion-de-confidencialidad\/","url":"https:\/\/www.potez.com\/es\/declaracion-de-confidencialidad\/","name":"DECLARACI\u00d3N DE CONFIDENCIALIDAD (UE) &#187; Potez A\u00e9ronautique","isPartOf":{"@id":"https:\/\/www.potez.com\/es\/#website"},"datePublished":"2022-01-13T12:34:39+00:00","dateModified":"2022-02-28T16:37:33+00:00","description":"DECLARACI\u00d3N DE CONFIDENCIALIDAD (UE) &#187; Potez A\u00e9ronautique","breadcrumb":{"@id":"https:\/\/www.potez.com\/es\/declaracion-de-confidencialidad\/#breadcrumb"},"inLanguage":"es","potentialAction":[{"@type":"ReadAction","target":["https:\/\/www.potez.com\/es\/declaracion-de-confidencialidad\/"]}]},{"@type":"BreadcrumbList","@id":"https:\/\/www.potez.com\/es\/declaracion-de-confidencialidad\/#breadcrumb","itemListElement":[{"@type":"ListItem","position":1,"name":"HOME","item":"https:\/\/www.potez.com\/es\/"},{"@type":"ListItem","position":2,"name":"DECLARACI\u00d3N DE CONFIDENCIALIDAD (UE)"}]},{"@type":"WebSite","@id":"https:\/\/www.potez.com\/es\/#website","url":"https:\/\/www.potez.com\/es\/","name":"Potez A\u00e9ronautique","description":"L&#039;innovation en h\u00e9ritage","potentialAction":[{"@type":"SearchAction","target":{"@type":"EntryPoint","urlTemplate":"https:\/\/www.potez.com\/es\/?s={search_term_string}"},"query-input":{"@type":"PropertyValueSpecification","valueRequired":true,"valueName":"search_term_string"}}],"inLanguage":"es"}]}},"_links":{"self":[{"href":"https:\/\/www.potez.com\/es\/wp-json\/wp\/v2\/pages\/2365","targetHints":{"allow":["GET"]}}],"collection":[{"href":"https:\/\/www.potez.com\/es\/wp-json\/wp\/v2\/pages"}],"about":[{"href":"https:\/\/www.potez.com\/es\/wp-json\/wp\/v2\/types\/page"}],"author":[{"embeddable":true,"href":"https:\/\/www.potez.com\/es\/wp-json\/wp\/v2\/users\/1"}],"replies":[{"embeddable":true,"href":"https:\/\/www.potez.com\/es\/wp-json\/wp\/v2\/comments?post=2365"}],"version-history":[{"count":0,"href":"https:\/\/www.potez.com\/es\/wp-json\/wp\/v2\/pages\/2365\/revisions"}],"wp:attachment":[{"href":"https:\/\/www.potez.com\/es\/wp-json\/wp\/v2\/media?parent=2365"}],"curies":[{"name":"wp","href":"https:\/\/api.w.org\/{rel}","templated":true}]}}