{"id":1668,"date":"2022-01-13T10:28:55","date_gmt":"2022-01-13T10:28:55","guid":{"rendered":"https:\/\/potez.com\/mentions-legales\/"},"modified":"2022-06-09T14:01:58","modified_gmt":"2022-06-09T14:01:58","slug":"aviso-legal-old","status":"publish","type":"page","link":"https:\/\/www.potez.com\/es\/aviso-legal-old\/","title":{"rendered":"Aviso legal OLD"},"content":{"rendered":"\n<h2 class=\"wp-block-heading\"><\/h2>\n\n\n\n<p>Este sitio web, accesible en www.potez.com, es propiedad y est\u00e1 gestionado por POTEZ A\u00c9RONAUTIQUE &#8211; 8 ROUTE DU HOUGA &#8211; 40800 AIRE-SUR-L&#8217;ADOUR<\/p>\n\n\n\n<p>Este sitio se pone a su disposici\u00f3n con fines informativos. Le invitamos a leer atentamente las condiciones de uso de este sitio antes de utilizarlo. Al navegar por este sitio, usted acepta estas condiciones de uso, en calidad de usuario. Si no est\u00e1 de acuerdo con las condiciones de uso, le invitamos a dejar de utilizar el sitio.<\/p>\n\n\n\n<h4 class=\"wp-block-heading\" id=\"1-information-editeur\"><strong>1-Informaci\u00f3n del editor<\/strong><\/h4>\n\n\n\n<p>Editor:<strong>&nbsp;POTEZ A\u00c9RONAUTIQUE<\/strong><\/p>\n\n\n\n<p>Director de la publicaci\u00f3n: <strong>Antoine POTEZ<\/strong><\/p>\n\n\n\n<p>Contacto: +<strong>33 (0)5 58 71 47 78&nbsp;<\/strong><\/p>\n\n\n\n<p><a href=\"http:\/\/www.potez.com\/\">http:\/\/www.potez.com\/<\/a><\/p>\n\n\n\n<p><\/p>\n\n\n\n<h4 class=\"wp-block-heading\" id=\"2-credits\"><strong>2-Cr\u00e9ditos<\/strong><\/h4>\n\n\n\n<p>Dise\u00f1o y producci\u00f3n del sitio web: <strong>Kardinal T<\/strong>,\r\nSAS con capital de 10.000,00 \u20ac, RCS TOULOUSE 823605183,\r\nsede social 161 avenue Jean Rieux 31500 TOULOUSE. <a href=\"http:\/\/kardinalt.com\/\">http:\/\/kardinalt.com\/<\/a><\/p>\n\n\n\n<p>Alojamiento:<strong>&nbsp;OVH,<\/strong>\r\nSAS con capital de 10.069.020,00 \u20ac,\r\nRCS LILLE METROPOLE 424761419,\r\nsede social 2 rue Kellerman 59100 ROUBAIX<\/p>\n\n\n\n<p>Fotos: <strong>POTEZ A\u00c9RONAUTIQUE, ADOBE STOCK, UNSPLASH<\/strong><\/p>\n\n\n\n<h3 class=\"wp-block-heading\"><\/h3>\n\n\n\n<h4 class=\"wp-block-heading\" id=\"3-propriete-intellectuelle-et-droits-d-utilisation\"><strong>3-<\/strong><strong>Propiedad intelectual y derechos de uso<\/strong><\/h4>\n\n\n\n<h5 class=\"wp-block-heading\" id=\"3-1-contenu-mis-en-ligne-par-l-editeur\"><strong>3.1. Contenidos puestos en l\u00ednea por el editor<\/strong><\/h5>\n\n\n\n<p>El editor es el propietario del contenido de este sitio web que ha puesto en l\u00ednea.<\/p>\n\n\n\n<p>El editor no ofrece ninguna garant\u00eda, expresa o impl\u00edcita, en cuanto a la calidad, exactitud, actualidad, orden o integridad de la informaci\u00f3n o los materiales de este sitio y no asume ninguna responsabilidad en relaci\u00f3n con el uso de la presente publicaci\u00f3n. Los elementos se presentan a t\u00edtulo informativo y no son vinculantes para el editor.<\/p>\n\n\n\n<p>El contenido de este sitio est\u00e1 protegido por los derechos de propiedad literaria y art\u00edstica, el Convenio de Berna y el C\u00f3digo franc\u00e9s de Propiedad Intelectual, Libro 1. Salvo lo dispuesto expresamente en esta publicaci\u00f3n para un archivo, documento o extracto espec\u00edfico, el editor concede el derecho de ver, almacenar y reproducir copias de esta publicaci\u00f3n para el uso personal del usuario del sitio.\r\n\r\nQueda estrictamente prohibida cualquier reproducci\u00f3n que no sea para el uso privado del usuario del sitio, en particular con vistas a su difusi\u00f3n p\u00fablica por cualquier medio, sin la autorizaci\u00f3n previa por escrito del editor del sitio.<\/p>\n\n\n\n<p>En consecuencia, se proh\u00edbe al usuario del sitio web:<\/p>\n\n\n\n<ul class=\"wp-block-list\"><li>Reproducir total o parcialmente, con fines de venta, distribuci\u00f3n, emisi\u00f3n, transmisi\u00f3n, publicaci\u00f3n y comunicaci\u00f3n en cualquier forma, los datos u obras protegidos por los derechos de autor vinculados a la obra o a los datos reproducidos, sin la autorizaci\u00f3n espec\u00edfica previa y por escrito del titular de los derechos de autor vinculados a la obra o a los datos reproducidos;<\/li><li>Reutilizar cualquier informaci\u00f3n con fines comerciales o publicitarios;<\/li><li>Introducir datos en este sitio que alteren o puedan alterar el contenido o la apariencia de los datos o las obras de este sitio.<\/li><\/ul>\n\n\n\n<p>En todos los casos de reproducci\u00f3n, el aviso de derechos de autor debe ser visible en cada copia de la publicaci\u00f3n, tanto si se utiliza en su totalidad o en parte. Cualquier uso no autorizado del sitio o de su contenido, o de la informaci\u00f3n divulgada en \u00e9l, comprometer\u00eda la responsabilidad del usuario y constituir\u00eda una infracci\u00f3n sancionada por los art\u00edculos L 335-2 y siguientes del C\u00f3digo franc\u00e9s de Propiedad Intelectual.<\/p>\n\n\n\n<p>Las marcas y logotipos del editor que aparecen en el sitio est\u00e1n protegidos. Cualquier reproducci\u00f3n o representaci\u00f3n total o parcial de estas marcas o logotipos, solos o integrados en otros elementos sin la autorizaci\u00f3n expresa y previa del editor est\u00e1n prohibidas y comprometer\u00edan la responsabilidad del usuario en el sentido de los art\u00edculos L 713-2 y L 713-3 del C\u00f3digo franc\u00e9s de Propiedad Intelectual.<\/p>\n\n\n\n<h5 class=\"wp-block-heading\" id=\"3-2-conception-et-realisation-du-site\"><strong>3.2 -Dise\u00f1o e implementaci\u00f3n del sitio web<\/strong>\r\n\r\n&nbsp;<\/h5>\n\n\n\n<p>El editor es el propietario exclusivo de todos los elementos que han permitido el dise\u00f1o y la creaci\u00f3n del sitio.<\/p>\n\n\n\n<h5 class=\"wp-block-heading\"><\/h5>\n\n\n\n<h5 class=\"wp-block-heading\" id=\"3-3-creation-de-liens-hypertextes-vers-le-site\"><strong>3.3 -Creaci\u00f3n de hiperv\u00ednculos al sitio web<\/strong><\/h5>\n\n\n\n<p>El sitio autoriza la creaci\u00f3n de un enlace de hipertexto a su contenido, bajo el acuerdo previo y expreso del editor de:\r\n<\/p>\n\n\n\n<ul class=\"wp-block-list\"><li>no utilizar la t\u00e9cnica de deep linking, es decir, las p\u00e1ginas del sitio no deben estar anidadas dentro de las p\u00e1ginas de otro sitio, sino que deben ser accesibles abriendo una ventana;\r\n<\/li><li>mencionar la fuente, que apuntar\u00e1 directamente al contenido en cuesti\u00f3n mediante un enlace de hipertexto;\r\n<\/li><li>la informaci\u00f3n utilizada debe ser \u00fanicamente para fines personales, asociativos o profesionales; y\r\n<\/li><li>queda excluido cualquier uso con fines comerciales o publicitarios.<\/li><\/ul>\n\n\n\n<p>Aviso: esta autorizaci\u00f3n no se aplica a los sitios web que difunden informaci\u00f3n de car\u00e1cter pol\u00e9mico, pornogr\u00e1fico o xen\u00f3fobo o que pueden, en mayor medida, herir la sensibilidad del p\u00fablico en general. El editor no es responsable de las pr\u00e1cticas y pol\u00edticas de privacidad de los sitios a los que podemos estar vinculados y le instamos a que los lea.\r\n<\/p>\n\n\n\n<h4 class=\"wp-block-heading\" id=\"4-cookies\"><strong>4-Cookies<\/strong><\/h4>\n\n\n\n<p>El sitio utiliza cookies. Estos archivos almacenados en su ordenador se utilizan para facilitar su acceso al servicio que ofrecemos. Las cookies del sitio no contienen ninguna informaci\u00f3n personal identificable. Est\u00e1n dise\u00f1ados para ser utilizados exclusivamente por Kardinal T SAS. Le informamos de que puede evitar que se guarden estas cookies configurando su ordenador al entrar en el sitio web <a href=\"http:\/\/http.\/\/www.cnil.fr\">http.\/\/www.cnil.fr<\/a>.<\/p>\n","protected":false},"excerpt":{"rendered":"<p>Este sitio web, accesible en www.potez.com, es propiedad y est\u00e1 gestionado por POTEZ A\u00c9RONAUTIQUE &#8211; 8 ROUTE DU HOUGA &#8211; 40800 AIRE-SUR-L&#8217;ADOUR Este sitio se pone a su disposici\u00f3n con fines informativos. Le invitamos a leer atentamente las condiciones de uso de este sitio antes de utilizarlo. Al navegar por este sitio, usted acepta estas [&hellip;]<\/p>\n","protected":false},"author":1,"featured_media":0,"parent":0,"menu_order":0,"comment_status":"closed","ping_status":"closed","template":"","meta":{"_acf_changed":false,"footnotes":""},"class_list":["post-1668","page","type-page","status-publish","hentry"],"acf":[],"yoast_head":"<!-- This site is optimized with the Yoast SEO plugin v27.5 - https:\/\/yoast.com\/product\/yoast-seo-wordpress\/ -->\n<title>Aviso legal OLD &#187; Potez A\u00e9ronautique<\/title>\n<meta name=\"description\" content=\"Aviso legal OLD &#187; Potez A\u00e9ronautique\" \/>\n<meta name=\"robots\" content=\"index, follow, max-snippet:-1, max-image-preview:large, max-video-preview:-1\" \/>\n<link rel=\"canonical\" href=\"https:\/\/www.potez.com\/es\/aviso-legal-old\/\" \/>\n<meta property=\"og:locale\" content=\"es_ES\" \/>\n<meta property=\"og:type\" content=\"article\" \/>\n<meta property=\"og:title\" content=\"Aviso legal OLD &#187; Potez A\u00e9ronautique\" \/>\n<meta property=\"og:description\" content=\"Aviso legal OLD &#187; Potez A\u00e9ronautique\" \/>\n<meta property=\"og:url\" content=\"https:\/\/www.potez.com\/es\/aviso-legal-old\/\" \/>\n<meta property=\"og:site_name\" content=\"Potez A\u00e9ronautique\" \/>\n<meta property=\"article:modified_time\" content=\"2022-06-09T14:01:58+00:00\" \/>\n<meta name=\"twitter:card\" content=\"summary_large_image\" \/>\n<meta name=\"twitter:label1\" content=\"Tiempo de lectura\" \/>\n\t<meta name=\"twitter:data1\" content=\"5 minutos\" \/>\n<script type=\"application\/ld+json\" class=\"yoast-schema-graph\">{\"@context\":\"https:\\\/\\\/schema.org\",\"@graph\":[{\"@type\":\"WebPage\",\"@id\":\"https:\\\/\\\/www.potez.com\\\/es\\\/aviso-legal-old\\\/\",\"url\":\"https:\\\/\\\/www.potez.com\\\/es\\\/aviso-legal-old\\\/\",\"name\":\"Aviso legal OLD &#187; Potez A\u00e9ronautique\",\"isPartOf\":{\"@id\":\"https:\\\/\\\/www.potez.com\\\/es\\\/#website\"},\"datePublished\":\"2022-01-13T10:28:55+00:00\",\"dateModified\":\"2022-06-09T14:01:58+00:00\",\"description\":\"Aviso legal OLD &#187; Potez A\u00e9ronautique\",\"breadcrumb\":{\"@id\":\"https:\\\/\\\/www.potez.com\\\/es\\\/aviso-legal-old\\\/#breadcrumb\"},\"inLanguage\":\"es\",\"potentialAction\":[{\"@type\":\"ReadAction\",\"target\":[\"https:\\\/\\\/www.potez.com\\\/es\\\/aviso-legal-old\\\/\"]}]},{\"@type\":\"BreadcrumbList\",\"@id\":\"https:\\\/\\\/www.potez.com\\\/es\\\/aviso-legal-old\\\/#breadcrumb\",\"itemListElement\":[{\"@type\":\"ListItem\",\"position\":1,\"name\":\"HOME\",\"item\":\"https:\\\/\\\/www.potez.com\\\/es\\\/\"},{\"@type\":\"ListItem\",\"position\":2,\"name\":\"Aviso legal OLD\"}]},{\"@type\":\"WebSite\",\"@id\":\"https:\\\/\\\/www.potez.com\\\/es\\\/#website\",\"url\":\"https:\\\/\\\/www.potez.com\\\/es\\\/\",\"name\":\"Potez A\u00e9ronautique\",\"description\":\"L&#039;innovation en h\u00e9ritage\",\"potentialAction\":[{\"@type\":\"SearchAction\",\"target\":{\"@type\":\"EntryPoint\",\"urlTemplate\":\"https:\\\/\\\/www.potez.com\\\/es\\\/?s={search_term_string}\"},\"query-input\":{\"@type\":\"PropertyValueSpecification\",\"valueRequired\":true,\"valueName\":\"search_term_string\"}}],\"inLanguage\":\"es\"}]}<\/script>\n<!-- \/ Yoast SEO plugin. -->","yoast_head_json":{"title":"Aviso legal OLD &#187; Potez A\u00e9ronautique","description":"Aviso legal OLD &#187; Potez A\u00e9ronautique","robots":{"index":"index","follow":"follow","max-snippet":"max-snippet:-1","max-image-preview":"max-image-preview:large","max-video-preview":"max-video-preview:-1"},"canonical":"https:\/\/www.potez.com\/es\/aviso-legal-old\/","og_locale":"es_ES","og_type":"article","og_title":"Aviso legal OLD &#187; Potez A\u00e9ronautique","og_description":"Aviso legal OLD &#187; Potez A\u00e9ronautique","og_url":"https:\/\/www.potez.com\/es\/aviso-legal-old\/","og_site_name":"Potez A\u00e9ronautique","article_modified_time":"2022-06-09T14:01:58+00:00","twitter_card":"summary_large_image","twitter_misc":{"Tiempo de lectura":"5 minutos"},"schema":{"@context":"https:\/\/schema.org","@graph":[{"@type":"WebPage","@id":"https:\/\/www.potez.com\/es\/aviso-legal-old\/","url":"https:\/\/www.potez.com\/es\/aviso-legal-old\/","name":"Aviso legal OLD &#187; Potez A\u00e9ronautique","isPartOf":{"@id":"https:\/\/www.potez.com\/es\/#website"},"datePublished":"2022-01-13T10:28:55+00:00","dateModified":"2022-06-09T14:01:58+00:00","description":"Aviso legal OLD &#187; Potez A\u00e9ronautique","breadcrumb":{"@id":"https:\/\/www.potez.com\/es\/aviso-legal-old\/#breadcrumb"},"inLanguage":"es","potentialAction":[{"@type":"ReadAction","target":["https:\/\/www.potez.com\/es\/aviso-legal-old\/"]}]},{"@type":"BreadcrumbList","@id":"https:\/\/www.potez.com\/es\/aviso-legal-old\/#breadcrumb","itemListElement":[{"@type":"ListItem","position":1,"name":"HOME","item":"https:\/\/www.potez.com\/es\/"},{"@type":"ListItem","position":2,"name":"Aviso legal OLD"}]},{"@type":"WebSite","@id":"https:\/\/www.potez.com\/es\/#website","url":"https:\/\/www.potez.com\/es\/","name":"Potez A\u00e9ronautique","description":"L&#039;innovation en h\u00e9ritage","potentialAction":[{"@type":"SearchAction","target":{"@type":"EntryPoint","urlTemplate":"https:\/\/www.potez.com\/es\/?s={search_term_string}"},"query-input":{"@type":"PropertyValueSpecification","valueRequired":true,"valueName":"search_term_string"}}],"inLanguage":"es"}]}},"_links":{"self":[{"href":"https:\/\/www.potez.com\/es\/wp-json\/wp\/v2\/pages\/1668","targetHints":{"allow":["GET"]}}],"collection":[{"href":"https:\/\/www.potez.com\/es\/wp-json\/wp\/v2\/pages"}],"about":[{"href":"https:\/\/www.potez.com\/es\/wp-json\/wp\/v2\/types\/page"}],"author":[{"embeddable":true,"href":"https:\/\/www.potez.com\/es\/wp-json\/wp\/v2\/users\/1"}],"replies":[{"embeddable":true,"href":"https:\/\/www.potez.com\/es\/wp-json\/wp\/v2\/comments?post=1668"}],"version-history":[{"count":0,"href":"https:\/\/www.potez.com\/es\/wp-json\/wp\/v2\/pages\/1668\/revisions"}],"wp:attachment":[{"href":"https:\/\/www.potez.com\/es\/wp-json\/wp\/v2\/media?parent=1668"}],"curies":[{"name":"wp","href":"https:\/\/api.w.org\/{rel}","templated":true}]}}