{"id":1648,"date":"2022-01-13T10:26:50","date_gmt":"2022-01-13T10:26:50","guid":{"rendered":"https:\/\/potez.com\/certifications-et-agrements\/"},"modified":"2022-05-16T15:32:11","modified_gmt":"2022-05-16T15:32:11","slug":"certificaciones-y-homologaciones","status":"publish","type":"page","link":"https:\/\/www.potez.com\/es\/certificaciones-y-homologaciones\/","title":{"rendered":"Certificaciones y homologaciones"},"content":{"rendered":"\n<p><p><strong>Descarga continuaci\u00f3n los documentos que acreditan las certificaciones y homologaciones que posee POTEZ A\u00c9RONAUTIQUE.<\/strong><\/p><\/p>\n\n<h3 class=\"wp-block-heading\">ORGANIZACI\u00d3N DE FORMACI\u00d3N<\/h3>\n\n<div class=\"wp-block-file\"><a id=\"wp-block-file--media-e94b7d6c-e57e-424c-9c7f-41ee13f9b211\" href=\"https:\/\/www.potez.com\/wp-content\/uploads\/2022\/03\/Potez-Fiche-Ajusteur-Assembleur.pdf\">Programa RNCP &#8211; CQPM Montadore<\/a><a href=\"https:\/\/www.potez.com\/wp-content\/uploads\/2022\/03\/Potez-Fiche-Ajusteur-Assembleur.pdf\" class=\"wp-block-file__button\" download=\"\" aria-describedby=\"wp-block-file--media-e94b7d6c-e57e-424c-9c7f-41ee13f9b211\">Descargar<\/a><\/div>\n\n<div class=\"wp-block-file\"><a id=\"wp-block-file--media-0b0d2c04-69ee-4841-a8ae-db093f34fe0b\" href=\"https:\/\/www.potez.com\/wp-content\/uploads\/2022\/05\/20220405_CERTIFICATION-QUALIOPI_20250404-1.pdf\">20220405_CERTIFICATION-QUALIOPI_20250404-1<\/a><a href=\"https:\/\/www.potez.com\/wp-content\/uploads\/2022\/05\/20220405_CERTIFICATION-QUALIOPI_20250404-1.pdf\" class=\"wp-block-file__button\" download=\"\" aria-describedby=\"wp-block-file--media-0b0d2c04-69ee-4841-a8ae-db093f34fe0b\">Descargar<\/a><\/div>\n\n<figure class=\"wp-block-image size-full\"><img loading=\"lazy\" decoding=\"async\" width=\"597\" height=\"215\" src=\"https:\/\/www.potez.com\/wp-content\/uploads\/2022\/05\/Qualiopi_Potez.png\" alt=\"\" class=\"wp-image-3695\" srcset=\"https:\/\/www.potez.com\/wp-content\/uploads\/2022\/05\/Qualiopi_Potez.png 597w, https:\/\/www.potez.com\/wp-content\/uploads\/2022\/05\/Qualiopi_Potez-300x108.png 300w\" sizes=\"auto, (max-width: 597px) 100vw, 597px\" \/><\/figure>\n<h3 class=\"wp-block-heading\">Industriales<\/h3>\n\n<div class=\"wp-block-file\"><a id=\"wp-block-file--media-73a087c9-4c53-40f2-a885-cd5cf7bfeebc\" href=\"https:\/\/www.potez.com\/wp-content\/uploads\/2022\/01\/EN9100-7246576-POTEZ-AERONAUTIQUE.pdf\">EN9100 &#8211; 7246576-POTEZ AERONAUTIQUE<\/a><a href=\"https:\/\/www.potez.com\/wp-content\/uploads\/2022\/01\/EN9100-7246576-POTEZ-AERONAUTIQUE.pdf\" class=\"wp-block-file__button\" download=\"\" aria-describedby=\"wp-block-file--media-73a087c9-4c53-40f2-a885-cd5cf7bfeebc\">Descargar<\/a><\/div>\n\n<div class=\"wp-block-file\"><a id=\"wp-block-file--media-f97a73aa-86dc-46a4-9c12-1db57dc16534\" href=\"https:\/\/www.potez.com\/wp-content\/uploads\/2022\/01\/ISO9001-7246576-POTEZ-AERONAUTIQUE.pdf\">ISO9001 &#8211; 7246576-POTEZ AERONAUTIQUE<\/a><a href=\"https:\/\/www.potez.com\/wp-content\/uploads\/2022\/01\/ISO9001-7246576-POTEZ-AERONAUTIQUE.pdf\" class=\"wp-block-file__button\" download=\"\" aria-describedby=\"wp-block-file--media-f97a73aa-86dc-46a4-9c12-1db57dc16534\">Descargar<\/a><\/div>\n\n<div class=\"wp-block-file\"><a id=\"wp-block-file--media-e9307425-562b-4615-a29e-a9a53f205672\" href=\"https:\/\/www.potez.com\/wp-content\/uploads\/2022\/01\/PART145-DGAC-FR145.0275.pdf\">PART145 DGAC FR145.0275<\/a><a href=\"https:\/\/www.potez.com\/wp-content\/uploads\/2022\/01\/PART145-DGAC-FR145.0275.pdf\" class=\"wp-block-file__button\" download=\"\" aria-describedby=\"wp-block-file--media-e9307425-562b-4615-a29e-a9a53f205672\">Descargar<\/a><\/div>\n\n<div class=\"wp-block-file\"><a id=\"wp-block-file--media-3ce8994c-3372-4ce2-8827-03b46c5238a2\" href=\"https:\/\/www.potez.com\/wp-content\/uploads\/2022\/01\/PART-21-G-DGAC-FR.21G.0084.pdf\">PART 21 G DGAC FR.21G.0084<\/a><a href=\"https:\/\/www.potez.com\/wp-content\/uploads\/2022\/01\/PART-21-G-DGAC-FR.21G.0084.pdf\" class=\"wp-block-file__button\" download=\"\" aria-describedby=\"wp-block-file--media-3ce8994c-3372-4ce2-8827-03b46c5238a2\">Descargar<\/a><\/div>\n\n<div class=\"wp-block-file\"><a id=\"wp-block-file--media-68573e0e-8ab2-4efc-9b52-88a866c0b217\" href=\"https:\/\/www.potez.com\/wp-content\/uploads\/2022\/01\/PART-21-J-EASA21.J.549.pdf\">PART 21 J EASA21.J.549<\/a><a href=\"https:\/\/www.potez.com\/wp-content\/uploads\/2022\/01\/PART-21-J-EASA21.J.549.pdf\" class=\"wp-block-file__button\" download=\"\" aria-describedby=\"wp-block-file--media-68573e0e-8ab2-4efc-9b52-88a866c0b217\">Descargar<\/a><\/div>\n\n<div class=\"wp-block-file\"><a id=\"wp-block-file--media-6bba3e44-bf7f-435d-ad63-f997166a44eb\" href=\"https:\/\/www.potez.com\/wp-content\/uploads\/2022\/01\/Nadcap-Aerospace-Heat-Treating-6292201878.pdf\">Nadcap (Aerospace) Heat Treating 6292201878<\/a><a href=\"https:\/\/www.potez.com\/wp-content\/uploads\/2022\/01\/Nadcap-Aerospace-Heat-Treating-6292201878.pdf\" class=\"wp-block-file__button\" download=\"\" aria-describedby=\"wp-block-file--media-6bba3e44-bf7f-435d-ad63-f997166a44eb\">Descargar<\/a><\/div>\n\n<div class=\"wp-block-file\"><a id=\"wp-block-file--media-ecf967ae-1b51-4835-92b0-192e3feb4874\" href=\"https:\/\/www.potez.com\/wp-content\/uploads\/2022\/01\/AQAP-2110-7246576-POTEZ-AERONAUTIQUE.pdf\">AQAP 2110 &#8211; 7246576-POTEZ AERONAUTIQUE<\/a><a href=\"https:\/\/www.potez.com\/wp-content\/uploads\/2022\/01\/AQAP-2110-7246576-POTEZ-AERONAUTIQUE.pdf\" class=\"wp-block-file__button\" download=\"\" aria-describedby=\"wp-block-file--media-ecf967ae-1b51-4835-92b0-192e3feb4874\">Descargar<\/a><\/div>\n\n<div class=\"wp-block-file\"><a id=\"wp-block-file--media-1c556c3c-3f07-40d8-a1b8-70727cc1cf30\" href=\"https:\/\/www.potez.com\/wp-content\/uploads\/2022\/01\/PART145-DGAC-FR145.0275.pdf\">PART145 DGAC FR145.0275<\/a><a href=\"https:\/\/www.potez.com\/wp-content\/uploads\/2022\/01\/PART145-DGAC-FR145.0275.pdf\" class=\"wp-block-file__button\" download=\"\" aria-describedby=\"wp-block-file--media-1c556c3c-3f07-40d8-a1b8-70727cc1cf30\">Descargar<\/a><\/div>\n\n<div class=\"wp-block-file\"><a id=\"wp-block-file--media-c759b352-4a27-4ec8-b907-ebec10f193b7\" href=\"https:\/\/www.potez.com\/wp-content\/uploads\/2022\/01\/FAR-145-FR-ZTQY.pdf\">FAR 145 FR ZTQY<\/a><a href=\"https:\/\/www.potez.com\/wp-content\/uploads\/2022\/01\/FAR-145-FR-ZTQY.pdf\" class=\"wp-block-file__button\" download=\"\" aria-describedby=\"wp-block-file--media-c759b352-4a27-4ec8-b907-ebec10f193b7\">Descargar<\/a><\/div>\n","protected":false},"excerpt":{"rendered":"<p>Descarga continuaci\u00f3n los documentos que acreditan las certificaciones y homologaciones que posee POTEZ A\u00c9RONAUTIQUE. ORGANIZACI\u00d3N DE FORMACI\u00d3N Industriales<\/p>\n","protected":false},"author":1,"featured_media":0,"parent":0,"menu_order":0,"comment_status":"closed","ping_status":"closed","template":"","meta":{"_acf_changed":false,"footnotes":""},"class_list":["post-1648","page","type-page","status-publish","hentry"],"acf":[],"yoast_head":"<!-- This site is optimized with the Yoast SEO plugin v27.5 - https:\/\/yoast.com\/product\/yoast-seo-wordpress\/ -->\n<title>Certificaciones y homologaciones &#187; Potez A\u00e9ronautique<\/title>\n<meta name=\"description\" content=\"Certificaciones y homologaciones &#187; Potez A\u00e9ronautique\" \/>\n<meta name=\"robots\" content=\"index, follow, max-snippet:-1, max-image-preview:large, max-video-preview:-1\" \/>\n<link rel=\"canonical\" href=\"https:\/\/www.potez.com\/es\/certificaciones-y-homologaciones\/\" \/>\n<meta property=\"og:locale\" content=\"es_ES\" \/>\n<meta property=\"og:type\" content=\"article\" \/>\n<meta property=\"og:title\" content=\"Certificaciones y homologaciones &#187; Potez A\u00e9ronautique\" \/>\n<meta property=\"og:description\" content=\"Certificaciones y homologaciones &#187; Potez A\u00e9ronautique\" \/>\n<meta property=\"og:url\" content=\"https:\/\/www.potez.com\/es\/certificaciones-y-homologaciones\/\" \/>\n<meta property=\"og:site_name\" content=\"Potez A\u00e9ronautique\" \/>\n<meta property=\"article:modified_time\" content=\"2022-05-16T15:32:11+00:00\" \/>\n<meta property=\"og:image\" content=\"https:\/\/potez.com\/wp-content\/uploads\/2022\/05\/Qualiopi_Potez.png\" \/>\n<meta name=\"twitter:card\" content=\"summary_large_image\" \/>\n<meta name=\"twitter:label1\" content=\"Tiempo de lectura\" \/>\n\t<meta name=\"twitter:data1\" content=\"1 minuto\" \/>\n<script type=\"application\/ld+json\" class=\"yoast-schema-graph\">{\"@context\":\"https:\\\/\\\/schema.org\",\"@graph\":[{\"@type\":\"WebPage\",\"@id\":\"https:\\\/\\\/www.potez.com\\\/es\\\/certificaciones-y-homologaciones\\\/\",\"url\":\"https:\\\/\\\/www.potez.com\\\/es\\\/certificaciones-y-homologaciones\\\/\",\"name\":\"Certificaciones y homologaciones &#187; Potez A\u00e9ronautique\",\"isPartOf\":{\"@id\":\"https:\\\/\\\/www.potez.com\\\/es\\\/#website\"},\"primaryImageOfPage\":{\"@id\":\"https:\\\/\\\/www.potez.com\\\/es\\\/certificaciones-y-homologaciones\\\/#primaryimage\"},\"image\":{\"@id\":\"https:\\\/\\\/www.potez.com\\\/es\\\/certificaciones-y-homologaciones\\\/#primaryimage\"},\"thumbnailUrl\":\"https:\\\/\\\/www.potez.com\\\/wp-content\\\/uploads\\\/2022\\\/05\\\/Qualiopi_Potez.png\",\"datePublished\":\"2022-01-13T10:26:50+00:00\",\"dateModified\":\"2022-05-16T15:32:11+00:00\",\"description\":\"Certificaciones y homologaciones &#187; Potez A\u00e9ronautique\",\"breadcrumb\":{\"@id\":\"https:\\\/\\\/www.potez.com\\\/es\\\/certificaciones-y-homologaciones\\\/#breadcrumb\"},\"inLanguage\":\"es\",\"potentialAction\":[{\"@type\":\"ReadAction\",\"target\":[\"https:\\\/\\\/www.potez.com\\\/es\\\/certificaciones-y-homologaciones\\\/\"]}]},{\"@type\":\"ImageObject\",\"inLanguage\":\"es\",\"@id\":\"https:\\\/\\\/www.potez.com\\\/es\\\/certificaciones-y-homologaciones\\\/#primaryimage\",\"url\":\"https:\\\/\\\/www.potez.com\\\/wp-content\\\/uploads\\\/2022\\\/05\\\/Qualiopi_Potez.png\",\"contentUrl\":\"https:\\\/\\\/www.potez.com\\\/wp-content\\\/uploads\\\/2022\\\/05\\\/Qualiopi_Potez.png\"},{\"@type\":\"BreadcrumbList\",\"@id\":\"https:\\\/\\\/www.potez.com\\\/es\\\/certificaciones-y-homologaciones\\\/#breadcrumb\",\"itemListElement\":[{\"@type\":\"ListItem\",\"position\":1,\"name\":\"HOME\",\"item\":\"https:\\\/\\\/www.potez.com\\\/es\\\/\"},{\"@type\":\"ListItem\",\"position\":2,\"name\":\"Certificaciones y homologaciones\"}]},{\"@type\":\"WebSite\",\"@id\":\"https:\\\/\\\/www.potez.com\\\/es\\\/#website\",\"url\":\"https:\\\/\\\/www.potez.com\\\/es\\\/\",\"name\":\"Potez A\u00e9ronautique\",\"description\":\"L&#039;innovation en h\u00e9ritage\",\"potentialAction\":[{\"@type\":\"SearchAction\",\"target\":{\"@type\":\"EntryPoint\",\"urlTemplate\":\"https:\\\/\\\/www.potez.com\\\/es\\\/?s={search_term_string}\"},\"query-input\":{\"@type\":\"PropertyValueSpecification\",\"valueRequired\":true,\"valueName\":\"search_term_string\"}}],\"inLanguage\":\"es\"}]}<\/script>\n<!-- \/ Yoast SEO plugin. -->","yoast_head_json":{"title":"Certificaciones y homologaciones &#187; Potez A\u00e9ronautique","description":"Certificaciones y homologaciones &#187; Potez A\u00e9ronautique","robots":{"index":"index","follow":"follow","max-snippet":"max-snippet:-1","max-image-preview":"max-image-preview:large","max-video-preview":"max-video-preview:-1"},"canonical":"https:\/\/www.potez.com\/es\/certificaciones-y-homologaciones\/","og_locale":"es_ES","og_type":"article","og_title":"Certificaciones y homologaciones &#187; Potez A\u00e9ronautique","og_description":"Certificaciones y homologaciones &#187; Potez A\u00e9ronautique","og_url":"https:\/\/www.potez.com\/es\/certificaciones-y-homologaciones\/","og_site_name":"Potez A\u00e9ronautique","article_modified_time":"2022-05-16T15:32:11+00:00","og_image":[{"url":"https:\/\/potez.com\/wp-content\/uploads\/2022\/05\/Qualiopi_Potez.png","type":"","width":"","height":""}],"twitter_card":"summary_large_image","twitter_misc":{"Tiempo de lectura":"1 minuto"},"schema":{"@context":"https:\/\/schema.org","@graph":[{"@type":"WebPage","@id":"https:\/\/www.potez.com\/es\/certificaciones-y-homologaciones\/","url":"https:\/\/www.potez.com\/es\/certificaciones-y-homologaciones\/","name":"Certificaciones y homologaciones &#187; Potez A\u00e9ronautique","isPartOf":{"@id":"https:\/\/www.potez.com\/es\/#website"},"primaryImageOfPage":{"@id":"https:\/\/www.potez.com\/es\/certificaciones-y-homologaciones\/#primaryimage"},"image":{"@id":"https:\/\/www.potez.com\/es\/certificaciones-y-homologaciones\/#primaryimage"},"thumbnailUrl":"https:\/\/www.potez.com\/wp-content\/uploads\/2022\/05\/Qualiopi_Potez.png","datePublished":"2022-01-13T10:26:50+00:00","dateModified":"2022-05-16T15:32:11+00:00","description":"Certificaciones y homologaciones &#187; Potez A\u00e9ronautique","breadcrumb":{"@id":"https:\/\/www.potez.com\/es\/certificaciones-y-homologaciones\/#breadcrumb"},"inLanguage":"es","potentialAction":[{"@type":"ReadAction","target":["https:\/\/www.potez.com\/es\/certificaciones-y-homologaciones\/"]}]},{"@type":"ImageObject","inLanguage":"es","@id":"https:\/\/www.potez.com\/es\/certificaciones-y-homologaciones\/#primaryimage","url":"https:\/\/www.potez.com\/wp-content\/uploads\/2022\/05\/Qualiopi_Potez.png","contentUrl":"https:\/\/www.potez.com\/wp-content\/uploads\/2022\/05\/Qualiopi_Potez.png"},{"@type":"BreadcrumbList","@id":"https:\/\/www.potez.com\/es\/certificaciones-y-homologaciones\/#breadcrumb","itemListElement":[{"@type":"ListItem","position":1,"name":"HOME","item":"https:\/\/www.potez.com\/es\/"},{"@type":"ListItem","position":2,"name":"Certificaciones y homologaciones"}]},{"@type":"WebSite","@id":"https:\/\/www.potez.com\/es\/#website","url":"https:\/\/www.potez.com\/es\/","name":"Potez A\u00e9ronautique","description":"L&#039;innovation en h\u00e9ritage","potentialAction":[{"@type":"SearchAction","target":{"@type":"EntryPoint","urlTemplate":"https:\/\/www.potez.com\/es\/?s={search_term_string}"},"query-input":{"@type":"PropertyValueSpecification","valueRequired":true,"valueName":"search_term_string"}}],"inLanguage":"es"}]}},"_links":{"self":[{"href":"https:\/\/www.potez.com\/es\/wp-json\/wp\/v2\/pages\/1648","targetHints":{"allow":["GET"]}}],"collection":[{"href":"https:\/\/www.potez.com\/es\/wp-json\/wp\/v2\/pages"}],"about":[{"href":"https:\/\/www.potez.com\/es\/wp-json\/wp\/v2\/types\/page"}],"author":[{"embeddable":true,"href":"https:\/\/www.potez.com\/es\/wp-json\/wp\/v2\/users\/1"}],"replies":[{"embeddable":true,"href":"https:\/\/www.potez.com\/es\/wp-json\/wp\/v2\/comments?post=1648"}],"version-history":[{"count":0,"href":"https:\/\/www.potez.com\/es\/wp-json\/wp\/v2\/pages\/1648\/revisions"}],"wp:attachment":[{"href":"https:\/\/www.potez.com\/es\/wp-json\/wp\/v2\/media?parent=1648"}],"curies":[{"name":"wp","href":"https:\/\/api.w.org\/{rel}","templated":true}]}}