{"id":1656,"date":"2022-01-13T10:32:03","date_gmt":"2022-01-13T10:32:03","guid":{"rendered":"https:\/\/potez.com\/credits\/"},"modified":"2022-04-13T09:51:17","modified_gmt":"2022-04-13T09:51:17","slug":"credits","status":"publish","type":"page","link":"https:\/\/www.potez.com\/en\/credits\/","title":{"rendered":"Credits"},"content":{"rendered":"\n<h3 class=\"wp-block-heading\" id=\"site-internet\"><strong>Website<\/strong><\/h3>\n\n<p>Design, writing, graphics and development of the site : <strong>KARDINAL T<\/strong> &#8211; <a href=\"http:\/\/kardinalt.com\/\" target=\"_blank\" rel=\"noreferrer noopener\">www.kardinalt.com<\/a><\/p>\n\n<p><\/p>\n\n<hr class=\"wp-block-separator\"\/>\n\n<h3 class=\"wp-block-heading\" id=\"photographies\"><strong>Photographs <\/strong><\/h3>\n\n<p><strong>Pictures Potez A\u00e9ronautique<\/strong><\/p>\n\n<p><strong>Dassault Aviation Programs :<\/strong> A. Pecchi, C. Cosmao, M. Douhaire, M. Lystseva<\/p>\n\n<p><strong>Others programs : <\/strong>Airbus Group, Northrop Grumman, Aerion, Eviation (Jean-Marie Liot)<\/p>\n\n<p><strong>History :<\/strong> Potez A\u00e9ronautique, Fondation Lat\u00e9co\u00e8re, Service Historique de La D\u00e9fense Vincennes<\/p>\n\n<p><strong>Others (Home Page)<\/strong> <strong>:<\/strong> William Daigneault via Unsplash<\/p>\n\n<p><strong>Watercolors (News) :<\/strong> Jean Bellis<\/p>\n","protected":false},"excerpt":{"rendered":"<p>Website Design, writing, graphics and development of the site : KARDINAL T &#8211; www.kardinalt.com Photographs Pictures Potez A\u00e9ronautique Dassault Aviation Programs : A. Pecchi, C. Cosmao, M. Douhaire, M. Lystseva Others programs : Airbus Group, Northrop Grumman, Aerion, Eviation (Jean-Marie Liot) History : Potez A\u00e9ronautique, Fondation Lat\u00e9co\u00e8re, Service Historique de La D\u00e9fense Vincennes Others (Home [&hellip;]<\/p>\n","protected":false},"author":1,"featured_media":0,"parent":0,"menu_order":0,"comment_status":"closed","ping_status":"closed","template":"","meta":{"_acf_changed":false,"footnotes":""},"class_list":["post-1656","page","type-page","status-publish","hentry"],"acf":[],"yoast_head":"<!-- This site is optimized with the Yoast SEO plugin v27.3 - https:\/\/yoast.com\/product\/yoast-seo-wordpress\/ -->\n<title>Credits &#187; Potez A\u00e9ronautique<\/title>\n<meta name=\"description\" content=\"Credits &#187; Potez A\u00e9ronautique\" \/>\n<meta name=\"robots\" content=\"index, follow, max-snippet:-1, max-image-preview:large, max-video-preview:-1\" \/>\n<link rel=\"canonical\" href=\"https:\/\/www.potez.com\/en\/credits\/\" \/>\n<meta property=\"og:locale\" content=\"en_GB\" \/>\n<meta property=\"og:type\" content=\"article\" \/>\n<meta property=\"og:title\" content=\"Credits &#187; Potez A\u00e9ronautique\" \/>\n<meta property=\"og:description\" content=\"Credits &#187; Potez A\u00e9ronautique\" \/>\n<meta property=\"og:url\" content=\"https:\/\/www.potez.com\/en\/credits\/\" \/>\n<meta property=\"og:site_name\" content=\"Potez A\u00e9ronautique\" \/>\n<meta property=\"article:modified_time\" content=\"2022-04-13T09:51:17+00:00\" \/>\n<meta name=\"twitter:card\" content=\"summary_large_image\" \/>\n<meta name=\"twitter:label1\" content=\"Estimated reading time\" \/>\n\t<meta name=\"twitter:data1\" content=\"1 minute\" \/>\n<script type=\"application\/ld+json\" class=\"yoast-schema-graph\">{\"@context\":\"https:\\\/\\\/schema.org\",\"@graph\":[{\"@type\":\"WebPage\",\"@id\":\"https:\\\/\\\/www.potez.com\\\/en\\\/credits\\\/\",\"url\":\"https:\\\/\\\/www.potez.com\\\/en\\\/credits\\\/\",\"name\":\"Credits &#187; Potez A\u00e9ronautique\",\"isPartOf\":{\"@id\":\"https:\\\/\\\/www.potez.com\\\/en\\\/#website\"},\"datePublished\":\"2022-01-13T10:32:03+00:00\",\"dateModified\":\"2022-04-13T09:51:17+00:00\",\"description\":\"Credits &#187; Potez A\u00e9ronautique\",\"breadcrumb\":{\"@id\":\"https:\\\/\\\/www.potez.com\\\/en\\\/credits\\\/#breadcrumb\"},\"inLanguage\":\"en-GB\",\"potentialAction\":[{\"@type\":\"ReadAction\",\"target\":[\"https:\\\/\\\/www.potez.com\\\/en\\\/credits\\\/\"]}]},{\"@type\":\"BreadcrumbList\",\"@id\":\"https:\\\/\\\/www.potez.com\\\/en\\\/credits\\\/#breadcrumb\",\"itemListElement\":[{\"@type\":\"ListItem\",\"position\":1,\"name\":\"HOME\",\"item\":\"https:\\\/\\\/www.potez.com\\\/en\\\/\"},{\"@type\":\"ListItem\",\"position\":2,\"name\":\"Credits\"}]},{\"@type\":\"WebSite\",\"@id\":\"https:\\\/\\\/www.potez.com\\\/en\\\/#website\",\"url\":\"https:\\\/\\\/www.potez.com\\\/en\\\/\",\"name\":\"Potez A\u00e9ronautique\",\"description\":\"L&#039;innovation en h\u00e9ritage\",\"potentialAction\":[{\"@type\":\"SearchAction\",\"target\":{\"@type\":\"EntryPoint\",\"urlTemplate\":\"https:\\\/\\\/www.potez.com\\\/en\\\/?s={search_term_string}\"},\"query-input\":{\"@type\":\"PropertyValueSpecification\",\"valueRequired\":true,\"valueName\":\"search_term_string\"}}],\"inLanguage\":\"en-GB\"}]}<\/script>\n<!-- \/ Yoast SEO plugin. -->","yoast_head_json":{"title":"Credits &#187; Potez A\u00e9ronautique","description":"Credits &#187; Potez A\u00e9ronautique","robots":{"index":"index","follow":"follow","max-snippet":"max-snippet:-1","max-image-preview":"max-image-preview:large","max-video-preview":"max-video-preview:-1"},"canonical":"https:\/\/www.potez.com\/en\/credits\/","og_locale":"en_GB","og_type":"article","og_title":"Credits &#187; Potez A\u00e9ronautique","og_description":"Credits &#187; Potez A\u00e9ronautique","og_url":"https:\/\/www.potez.com\/en\/credits\/","og_site_name":"Potez A\u00e9ronautique","article_modified_time":"2022-04-13T09:51:17+00:00","twitter_card":"summary_large_image","twitter_misc":{"Estimated reading time":"1 minute"},"schema":{"@context":"https:\/\/schema.org","@graph":[{"@type":"WebPage","@id":"https:\/\/www.potez.com\/en\/credits\/","url":"https:\/\/www.potez.com\/en\/credits\/","name":"Credits &#187; Potez A\u00e9ronautique","isPartOf":{"@id":"https:\/\/www.potez.com\/en\/#website"},"datePublished":"2022-01-13T10:32:03+00:00","dateModified":"2022-04-13T09:51:17+00:00","description":"Credits &#187; Potez A\u00e9ronautique","breadcrumb":{"@id":"https:\/\/www.potez.com\/en\/credits\/#breadcrumb"},"inLanguage":"en-GB","potentialAction":[{"@type":"ReadAction","target":["https:\/\/www.potez.com\/en\/credits\/"]}]},{"@type":"BreadcrumbList","@id":"https:\/\/www.potez.com\/en\/credits\/#breadcrumb","itemListElement":[{"@type":"ListItem","position":1,"name":"HOME","item":"https:\/\/www.potez.com\/en\/"},{"@type":"ListItem","position":2,"name":"Credits"}]},{"@type":"WebSite","@id":"https:\/\/www.potez.com\/en\/#website","url":"https:\/\/www.potez.com\/en\/","name":"Potez A\u00e9ronautique","description":"L&#039;innovation en h\u00e9ritage","potentialAction":[{"@type":"SearchAction","target":{"@type":"EntryPoint","urlTemplate":"https:\/\/www.potez.com\/en\/?s={search_term_string}"},"query-input":{"@type":"PropertyValueSpecification","valueRequired":true,"valueName":"search_term_string"}}],"inLanguage":"en-GB"}]}},"_links":{"self":[{"href":"https:\/\/www.potez.com\/en\/wp-json\/wp\/v2\/pages\/1656","targetHints":{"allow":["GET"]}}],"collection":[{"href":"https:\/\/www.potez.com\/en\/wp-json\/wp\/v2\/pages"}],"about":[{"href":"https:\/\/www.potez.com\/en\/wp-json\/wp\/v2\/types\/page"}],"author":[{"embeddable":true,"href":"https:\/\/www.potez.com\/en\/wp-json\/wp\/v2\/users\/1"}],"replies":[{"embeddable":true,"href":"https:\/\/www.potez.com\/en\/wp-json\/wp\/v2\/comments?post=1656"}],"version-history":[{"count":0,"href":"https:\/\/www.potez.com\/en\/wp-json\/wp\/v2\/pages\/1656\/revisions"}],"wp:attachment":[{"href":"https:\/\/www.potez.com\/en\/wp-json\/wp\/v2\/media?parent=1656"}],"curies":[{"name":"wp","href":"https:\/\/api.w.org\/{rel}","templated":true}]}}